{"id":4004,"date":"2018-05-24T16:11:32","date_gmt":"2018-05-24T16:11:32","guid":{"rendered":"http:\/\/brainmaze.pt\/?page_id=4004"},"modified":"2021-04-19T08:52:50","modified_gmt":"2021-04-19T08:52:50","slug":"politica-de-privacidade-e-cookies","status":"publish","type":"page","link":"http:\/\/brainmaze.pt\/en\/politica-de-privacidade-e-cookies\/","title":{"rendered":"Pol\u00edtica de Privacidade e Cookies"},"content":{"rendered":"<div id=\"fws_69e738e429aa3\"  data-midnight=\"dark\" data-bg-mobile-hidden=\"\" class=\"wpb_row vc_row-fluid vc_row standard_section\"  style=\"padding-top: 0px; padding-bottom: 0px; \"><div class=\"row-bg-wrap\"> <div class=\"row-bg\"  style=\"\" data-color_overlay=\"\" data-color_overlay_2=\"\" data-gradient_direction=\"\" data-overlay_strength=\"0.3\" data-enable_gradient=\"false\"><\/div> <\/div><div class=\"col span_12 dark left\">\n\t<div  class=\"vc_col-sm-12 wpb_column column_container vc_column_container col no-extra-padding\"  data-bg-cover=\"\" data-padding-pos=\"all\" data-has-bg-color=\"false\" data-bg-color=\"\" data-bg-opacity=\"1\" data-hover-bg=\"\" data-hover-bg-opacity=\"1\" data-animation=\"\" data-delay=\"0\">\n\t\t<div class=\"vc_column-inner\">\n\t\t\t<div class=\"wpb_wrapper\">\n\t\t\t\t\n\t<div class=\"wpb_text_column wpb_content_element\" >\n\t\t<div class=\"wpb_wrapper\">\n\t\t\t<h1><strong>Pol\u00edtica de privacidade<\/strong><\/h1>\n<p><span style=\"font-weight: 400;\"><br \/>\n<\/span><strong>Tratamento de dados<br \/>\n<\/strong><span style=\"font-weight: 400;\"><br \/>\n<\/span><span style=\"font-weight: 400;\">O acesso e utiliza\u00e7\u00e3o do site www.brainmaze.pt implica a total aceita\u00e7\u00e3o do utilizador relativamente \u00e0s condi\u00e7\u00f5es de uso\u00a0em vigor em\u00a0cada momento.\u00a0Ao abrigo\u00a0da Lei 67\/98 de 26 de Outubro sobre a Prote\u00e7\u00e3o de Dados Pessoais informamos que o tratamento dos dados pessoais recolhidos no site\u00a0www.brainmaze.pt \u00e9 da responsabilidade de:<\/span><\/p>\n<p>&nbsp;<\/p>\n<p><span style=\"font-weight: 400;\">Eduardo In\u00e1cio Alves, doravante designado por Brainmaze.<\/span><\/p>\n<p><span style=\"font-weight: 400;\">Rua de Baixo, 92, Casa Branca, 3030-108 Coimbra<\/span><\/p>\n<p><span style=\"font-weight: 400;\">NIF 220998230<\/span><\/p>\n<p>&nbsp;<\/p>\n<p><span style=\"font-weight: 400;\">A partir de 25 de maio de 2018 passa a ser aplic\u00e1vel o Regulamento Geral sobre a Prote\u00e7\u00e3o de Dados Pessoais \u2013 Regulamento n\u00ba 2016\/679 do Parlamento Europeu e do Conselho, de 27 de abril de 2016, que estabelece as regras relativas \u00e0 prote\u00e7\u00e3o, tratamento e livre circula\u00e7\u00e3o dos dados pessoais das pessoas singulares e que se aplica diretamente a todas as entidades que procedam ao tratamento desses dados, em qualquer Estado membro da Uni\u00e3o Europeia, nomeadamente Portugal.<\/span><\/p>\n<p><span style=\"font-weight: 400;\"><br \/>\n<\/span><span style=\"font-weight: 400;\">A Brainmaze, preocupa-se em proteger a sua privacidade e ir\u00e1 processar e armazenar os seus dados pessoais, enquanto respons\u00e1vel pelo tratamento dos mesmos, garantindo a confidencialidade de todos os dados fornecidos pelos seus clientes, quer no registo, quer no processo de simula\u00e7\u00e3o, n\u00e3o partilhando os dados recolhidos com terceiros para fins comerciais.<\/span><\/p>\n<p><span style=\"font-weight: 400;\"><br \/>\n<\/span><span style=\"font-weight: 400;\">A Brainmaze utiliza a informa\u00e7\u00e3o recolhida, para processamento reservas e comunica\u00e7\u00e3o com os clientes, processamento de pedidos de informa\u00e7\u00e3o e de eventuais reclama\u00e7\u00f5es, an\u00e1lise estat\u00edstica, bem como a respectiva utiliza\u00e7\u00e3o para efeitos de marketing directo.<\/span><\/p>\n<p><span style=\"font-weight: 400;\"><br \/>\n<\/span><span style=\"font-weight: 400;\">Os dados pessoais recolhidos, s\u00e3o mantidos at\u00e9 se esgotar o fim a que se destinam, sendo eliminados 2 anos a contar da \u00faltima intera\u00e7\u00e3o do Cliente com os nossos servi\u00e7os.<\/span><\/p>\n<p><span style=\"font-weight: 400;\"><br \/>\n<\/span><span style=\"font-weight: 400;\">Todos os clientes t\u00eam o direito de aceder aos seus dados pessoais, bem como dentro dos limites do Regulamento n\u00ba 2016\/679, requerer a sua retifica\u00e7\u00e3o ou o seu apagamento, ou se opor ao tratamento, atrav\u00e9s de contacto para o email: info<\/span><span style=\"font-weight: 400;\">@brainmaze.pt<\/span><\/p>\n<p><span style=\"font-weight: 400;\"><br \/>\n<\/span><span style=\"font-weight: 400;\">Nos termos da lei, \u00e9-lhe garantido o direito de retirar o seu consentimento para o tratamento dos dados para as finalidades referidas, o que n\u00e3o invalida, no entanto, o tratamento dos dados efetuado at\u00e9 essa data com base no consentimento previamente dado.<\/span><\/p>\n<p><span style=\"font-weight: 400;\"><br \/>\n<\/span><span style=\"font-weight: 400;\">Os dados utilizados para o efeito de envio de comunica\u00e7\u00f5es informativas e de marketing e para a realiza\u00e7\u00e3o de inqu\u00e9ritos de avalia\u00e7\u00e3o de satisfa\u00e7\u00e3o ser\u00e3o conservados at\u00e9 retirada do seu consentimento. A recolha de dados de crian\u00e7as \u00e9 efetuada de forma licita sempre que as mesmas tenham idade superior a 16 anos. Nos restantes casos, o respons\u00e1vel pelo tratamento n\u00e3o efetuar\u00e1 qualquer tratamento a menos que tal seja expressamente autorizado pelo titular das responsabilidades parentais da crian\u00e7a e devidamente comprovado.<\/span><\/p>\n<p><span style=\"font-weight: 400;\"><br \/>\n<\/span><span style=\"font-weight: 400;\">Para exercer os seus direitos de acesso, a ser esquecido, \u00e0 portabilidade dos dados e \u00e0 oposi\u00e7\u00e3o no site www.brainmaze.pt por favor contacte-nos atrav\u00e9s do e-mail info<\/span><span style=\"font-weight: 400;\">@brainmaze.pt<\/span><\/p>\n<p>&nbsp;<\/p>\n<h3><span style=\"font-weight: 400;\">Pol\u00edtica de Privacidade e Cookies<\/span><\/h3>\n<p><span style=\"font-weight: 400;\">Todas as imagens,\u00a0textos, coment\u00e1rios, ilustra\u00e7\u00f5es, estruturas e obras reproduzidas ou representadas no site www.brainmaze.pt s\u00e3o estritamente reservadas nos termos do direito de autor bem como dos direitos de propriedade intelectual. Nessa conformidade e nos termos do C\u00f3digo da Propriedade Intelectual, qualquer reprodu\u00e7\u00e3o ou representa\u00e7\u00e3o total ou parcial do site\u00a0www.brainmaze.pt\u00a0ou de todo ou parte dos elementos inclu\u00eddos no mesmo \u00e9 estritamente pro\u00edbida.<\/span><\/p>\n\n\t\t<\/div>\n\t<\/div>\n\n\t\t\t<\/div> \n\t\t<\/div>\n\t<\/div> \n<\/div><\/div>","protected":false},"excerpt":{"rendered":"Pol\u00edtica de privacidade Tratamento de dados O acesso e utiliza\u00e7\u00e3o do site www.brainmaze.pt implica a total aceita\u00e7\u00e3o do utilizador relativamente \u00e0s condi\u00e7\u00f5es de uso\u00a0em vigor em\u00a0cada momento.\u00a0Ao abrigo\u00a0da Lei 67\/98...","protected":false},"author":1,"featured_media":0,"parent":0,"menu_order":0,"comment_status":"closed","ping_status":"closed","template":"","meta":{"_monsterinsights_skip_tracking":false,"_monsterinsights_sitenote_active":false,"_monsterinsights_sitenote_note":"","_monsterinsights_sitenote_category":0,"footnotes":""},"class_list":["post-4004","page","type-page","status-publish","hentry"],"_links":{"self":[{"href":"http:\/\/brainmaze.pt\/en\/wp-json\/wp\/v2\/pages\/4004","targetHints":{"allow":["GET"]}}],"collection":[{"href":"http:\/\/brainmaze.pt\/en\/wp-json\/wp\/v2\/pages"}],"about":[{"href":"http:\/\/brainmaze.pt\/en\/wp-json\/wp\/v2\/types\/page"}],"author":[{"embeddable":true,"href":"http:\/\/brainmaze.pt\/en\/wp-json\/wp\/v2\/users\/1"}],"replies":[{"embeddable":true,"href":"http:\/\/brainmaze.pt\/en\/wp-json\/wp\/v2\/comments?post=4004"}],"version-history":[{"count":5,"href":"http:\/\/brainmaze.pt\/en\/wp-json\/wp\/v2\/pages\/4004\/revisions"}],"predecessor-version":[{"id":4309,"href":"http:\/\/brainmaze.pt\/en\/wp-json\/wp\/v2\/pages\/4004\/revisions\/4309"}],"wp:attachment":[{"href":"http:\/\/brainmaze.pt\/en\/wp-json\/wp\/v2\/media?parent=4004"}],"curies":[{"name":"wp","href":"https:\/\/api.w.org\/{rel}","templated":true}]}}